{"id":380,"date":"2016-02-03T09:05:34","date_gmt":"2016-02-03T09:05:34","guid":{"rendered":"http:\/\/carolinumplus.de?page_id=380"},"modified":"2023-08-18T12:20:09","modified_gmt":"2023-08-18T09:20:09","slug":"leistungen","status":"publish","type":"page","link":"https:\/\/carolinumplus.de\/?page_id=380","title":{"rendered":"Leistungen"},"content":{"rendered":"<p>\n<section class=\"fw-main-row\" style=\"\"  >\n\t\t<div class=\"fw-main-row-bg\" style=\" \" ><\/div>\n\t<div class=\"fw-main-row-overlay\" ><\/div>\n\t<div class=\"fw-main-content fw-container \">\n\t\t<div class=\"fw-row\">\n\t\n<div class=\"fw-col-xs-12    text-left\" style=\"\">\n\t<div class=\"fw-col-inner\" style=\"\">\n\t\t<div class=\"ht-text-block\">\n\t<p><strong>Wir k\u00fcmmern uns um \"Special-Care-Patienten\".<\/strong><br \/>Unter Special-Care fallen z.B. nicht mobile Patienten, Angstpatienten und multimorbide Patienten.<br \/>Durch unseren ebenm\u00e4\u00dfigen Zugang k\u00f6nnen\u00a0 Rollstuhlfahrer selbstst\u00e4ndig zu uns kommen. Eine Anfahrt bis zur Eingangst\u00fcr ist ebenfalls m\u00f6glich (Parkpl\u00e4tze befinden sich ca. 200 Meter entfernt). Derzeit bieten wir keine Behandlung unter Narkose\/Sedierung an.<\/p><p>&nbsp;<\/p><p>&nbsp;<\/p><\/div>\t<\/div>\n<\/div>\n<\/div>\n\n<div class=\"fw-row\">\n\t\n<div class=\"fw-col-xs-12    text-left\" style=\"\">\n\t<div class=\"fw-col-inner\" style=\"\">\n\t\t\n\t<\/div>\n<\/div>\n<\/div>\n\n\t<\/div>\n<\/section>\n\n<section class=\"fw-main-row\" style=\"\"  >\n\t\t<div class=\"fw-main-row-bg\" style=\" \" ><\/div>\n\t<div class=\"fw-main-row-overlay\" ><\/div>\n\t<div class=\"fw-main-content fw-container \">\n\t\t<div class=\"fw-row\">\n\t\n<div class=\"fw-col-xs-12    text-left\" style=\"\">\n\t<div class=\"fw-col-inner\" style=\"\">\n\t\t\n<div class=\"ht-services-grid-with-thumb\">\n\n\t\t\t<div class=\"row\">\n\t\t\t\t\t\t\t<div class=\"entry col-sm-6 col-md-4\" style=\"\" >\n\t\t\t\t\t<a href=\"http:\/\/carolinumplus.de\/leistungen\/zahnerhaltung\/\" title=\"Zahnerhaltung\" class=\"entry-inner\">\n\t\t\t\t\t\t<div class=\"entry-media\">\n\t\t\t\t\t\t\t<img width=\"640\" height=\"480\" src=\"https:\/\/carolinumplus.de\/wp-content\/uploads\/2021\/02\/HomepageCarolinumPlus_LeistungenZahnerhaltung-640x480.jpg\" class=\"attachment-fw-640-480 size-fw-640-480\" alt=\"\" \/>\t\t\t\t\t\t<\/div>\n\t\t\t\t\t\t<h3 class=\"entry-title\">Zahnerhaltung<\/h3>\n\t\t\t\t\t\t<div class=\"entry-subtitle\">Fu\u0308llungs- und Wurzelkanalbehandlung<\/div>\n\t\t\t\t\t\t<div class=\"entry-description\">Zahnerhalt hat bei uns oberste Priorita\u0308t! Mit Hilfe neuester keramisch-plastischer Fu\u0308llungsmaterialien ist es mo\u0308glich kario\u0308se Defekte minimal-invasiv zu fu\u0308llen...\r\n<\/div>\n\t\t\t\t\t<\/a>\n\t\t\t\t<\/div>\n\t\t\t\t\t\t\t<div class=\"entry col-sm-6 col-md-4\" style=\"\" >\n\t\t\t\t\t<a href=\"http:\/\/carolinumplus.de\/leistungen\/zahnersatz\/\" title=\"Zahnersatz\" class=\"entry-inner\">\n\t\t\t\t\t\t<div class=\"entry-media\">\n\t\t\t\t\t\t\t<img width=\"640\" height=\"480\" src=\"https:\/\/carolinumplus.de\/wp-content\/uploads\/2021\/02\/HomepageCarolinumPlus_LeistungenZahnersatz-640x480.jpg\" class=\"attachment-fw-640-480 size-fw-640-480\" alt=\"\" \/>\t\t\t\t\t\t<\/div>\n\t\t\t\t\t\t<h3 class=\"entry-title\">Zahnersatz<\/h3>\n\t\t\t\t\t\t<div class=\"entry-subtitle\">Kronen, Bru\u0308cken, Prothesen<\/div>\n\t\t\t\t\t\t<div class=\"entry-description\">Das Gebiet der zahna\u0308rztlichen Prothetik erstreckt sich von der Versorgung von behandlungsbedu\u0308rftigen Za\u0308hnen mit Kronen u\u0308ber den Ersatz verloren gegangener Za\u0308hne mittels Bru\u0308cken oder herausnehmbarer und festsitzender Prothesen bis hin zum Zahnersatz auf dentalen Implantaten. <\/div>\n\t\t\t\t\t<\/a>\n\t\t\t\t<\/div>\n\t\t\t\t\t\t\t<div class=\"entry col-sm-6 col-md-4\" style=\"\" >\n\t\t\t\t\t<a href=\"http:\/\/carolinumplus.de\/leistungen\/parodontologie\/\" title=\"Parodontologie\" class=\"entry-inner\">\n\t\t\t\t\t\t<div class=\"entry-media\">\n\t\t\t\t\t\t\t<img width=\"640\" height=\"480\" src=\"https:\/\/carolinumplus.de\/wp-content\/uploads\/2021\/02\/HomepageCarolinumPlu_LeistungenParodontologie-640x480.jpg\" class=\"attachment-fw-640-480 size-fw-640-480\" alt=\"\" \/>\t\t\t\t\t\t<\/div>\n\t\t\t\t\t\t<h3 class=\"entry-title\">Parodontologie<\/h3>\n\t\t\t\t\t\t<div class=\"entry-subtitle\">Behandlung des Zahnhalteapparates als Fundament der Zahnmedizin<\/div>\n\t\t\t\t\t\t<div class=\"entry-description\">Die Parodontologie bescha\u0308ftigt sich mit der Behandlung von Erkrankungen des Zahnhalteapparats (Paradontitis). <\/div>\n\t\t\t\t\t<\/a>\n\t\t\t\t<\/div>\n\t\t\t\t\t\t\t<div class=\"entry col-sm-6 col-md-4\" style=\"\" >\n\t\t\t\t\t<a href=\"http:\/\/carolinumplus.de\/leistungen\/implantologie\/\" title=\"Implantologie\" class=\"entry-inner\">\n\t\t\t\t\t\t<div class=\"entry-media\">\n\t\t\t\t\t\t\t<img width=\"640\" height=\"480\" src=\"https:\/\/carolinumplus.de\/wp-content\/uploads\/2021\/02\/impla-640x480.jpg\" class=\"attachment-fw-640-480 size-fw-640-480\" alt=\"\" \/>\t\t\t\t\t\t<\/div>\n\t\t\t\t\t\t<h3 class=\"entry-title\">Implantologie<\/h3>\n\t\t\t\t\t\t<div class=\"entry-subtitle\">Ku\u0308nstliche Zahnwurzeln als Ersatz einzelner Za\u0308hne oder zur Prothesenstabilisierung<\/div>\n\t\t\t\t\t\t<div class=\"entry-description\">Bei Zahnimplantaten handelt es sich um eine Art ku\u0308nstliche Zahnwurzel, mit deren Hilfe einzelne oder auch mehrere Za\u0308hne unter Schonung der natu\u0308rlichen Nachbarza\u0308hne ersetzt ...<\/div>\n\t\t\t\t\t<\/a>\n\t\t\t\t<\/div>\n\t\t\t\t\t\t\t<div class=\"entry col-sm-6 col-md-4\" style=\"\" >\n\t\t\t\t\t<a href=\"http:\/\/carolinumplus.de\/leistungen\/zahnheilkunde\/\" title=\"A\u0308sthetische Zahnheilkunde \" class=\"entry-inner\">\n\t\t\t\t\t\t<div class=\"entry-media\">\n\t\t\t\t\t\t\t<img width=\"640\" height=\"480\" src=\"https:\/\/carolinumplus.de\/wp-content\/uploads\/2021\/02\/HomepageCarolinumPlus_Leistungen\u00c4sthetische-Zahnheilkunde-640x480.jpg\" class=\"attachment-fw-640-480 size-fw-640-480\" alt=\"\" \/>\t\t\t\t\t\t<\/div>\n\t\t\t\t\t\t<h3 class=\"entry-title\">A\u0308sthetische Zahnheilkunde <\/h3>\n\t\t\t\t\t\t<div class=\"entry-subtitle\">Veneering, Bleaching u.v.m.<\/div>\n\t\t\t\t\t\t<div class=\"entry-description\">Die A\u0308sthetische Zahnheilkunde ist ein bedeutender Teilbereich der modernen Zahnmedizin. <\/div>\n\t\t\t\t\t<\/a>\n\t\t\t\t<\/div>\n\t\t\t\t\t\t\t<div class=\"entry col-sm-6 col-md-4\" style=\"\" >\n\t\t\t\t\t<a href=\"http:\/\/carolinumplus.de\/leistungen\/traumatologie\/\" title=\"Traumatologie\" class=\"entry-inner\">\n\t\t\t\t\t\t<div class=\"entry-media\">\n\t\t\t\t\t\t\t<img width=\"640\" height=\"480\" src=\"https:\/\/carolinumplus.de\/wp-content\/uploads\/2021\/02\/HomepageCarolinumPlus_LeistungenTraumatologie-640x480.jpg\" class=\"attachment-fw-640-480 size-fw-640-480\" alt=\"\" \/>\t\t\t\t\t\t<\/div>\n\t\t\t\t\t\t<h3 class=\"entry-title\">Traumatologie<\/h3>\n\t\t\t\t\t\t<div class=\"entry-subtitle\">Versorgung und Weiterbehandlung von Frontzahntrauma <\/div>\n\t\t\t\t\t\t<div class=\"entry-description\">Zahntraumata in Folge von Unfa\u0308llen za\u0308hlen besonders im Kindes- und Heranwachsendenalter, aber auch bei Erwachsenen, zu einer der ha\u0308ufigsten Verletzungen im Gesichtsbereich. <\/div>\n\t\t\t\t\t<\/a>\n\t\t\t\t<\/div>\n\t\t\t\t\t\t\t<div class=\"entry col-sm-6 col-md-4\" style=\"\" >\n\t\t\t\t\t<a href=\"https:\/\/carolinumplus.de\/?page_id=1718\" title=\"Special Care\" class=\"entry-inner\">\n\t\t\t\t\t\t<div class=\"entry-media\">\n\t\t\t\t\t\t\t<img width=\"472\" height=\"354\" src=\"https:\/\/carolinumplus.de\/wp-content\/uploads\/2023\/08\/short_special_care_Zeichenflaeche-1.jpg\" class=\"attachment-fw-640-480 size-fw-640-480\" alt=\"\" \/>\t\t\t\t\t\t<\/div>\n\t\t\t\t\t\t<h3 class=\"entry-title\">Special Care<\/h3>\n\t\t\t\t\t\t<div class=\"entry-subtitle\">f\u00fcr Patienten mit besonderen Bed\u00fcrfnissen<\/div>\n\t\t\t\t\t\t<div class=\"entry-description\">Wir sind f\u00fcr Sie da! Patienten mit besonderen Bed\u00fcrfnissen sind bei uns willkommen.<\/div>\n\t\t\t\t\t<\/a>\n\t\t\t\t<\/div>\n\t\t\t\t\t<\/div>\n\t<\/div>\n<!-- \/.ht-feature-box -->\t<\/div>\n<\/div>\n<\/div>\n\n\t<\/div>\n<\/section>\n\n<section class=\"fw-main-row\" style=\"\"  >\n\t\t<div class=\"fw-main-row-bg\" style=\" \" ><\/div>\n\t<div class=\"fw-main-row-overlay\" ><\/div>\n\t<div class=\"fw-main-content fw-container \">\n\t\t<div class=\"fw-row\">\n\t\n<div class=\"fw-col-xs-12    text-left\" style=\"\">\n\t<div class=\"fw-col-inner\" style=\"\">\n\t\t\n\t<div class=\"fw-divider-space\" style=\"padding-top: 50px;\"><\/div>\n\t<\/div>\n<\/div>\n<\/div>\n\n\t<\/div>\n<\/section>\n\n<section class=\"fw-main-row\" style=\"\"  >\n\t\t<div class=\"fw-main-row-bg\" style=\" \" ><\/div>\n\t<div class=\"fw-main-row-overlay\" ><\/div>\n\t<div class=\"fw-main-content fw-container \">\n\t\t\t<\/div>\n<\/section>\n\n<section class=\"fw-main-row\" style=\"\"  >\n\t\t<div class=\"fw-main-row-bg\" style=\" \" ><\/div>\n\t<div class=\"fw-main-row-overlay\" ><\/div>\n\t<div class=\"fw-main-content fw-container \">\n\t\t<div class=\"fw-row\">\n\t\n<div class=\"fw-col-xs-12    text-left\" style=\"\">\n\t<div class=\"fw-col-inner\" style=\"\">\n\t\t\n\t<div class=\"fw-divider-space\" style=\"padding-top: 30px;\"><\/div>\n\t<\/div>\n<\/div>\n<\/div>\n\n\t<\/div>\n<\/section>\n<\/p>\n","protected":false},"excerpt":{"rendered":"<p>Wir k\u00fcmmern uns um &#8222;Special-Care-Patienten&#8220;.Unter Special-Care fallen z.B. nicht mobile Patienten, Angstpatienten und multimorbide Patienten.Durch unseren ebenm\u00e4\u00dfigen Zugang k\u00f6nnen\u00a0 Rollstuhlfahrer selbstst\u00e4ndig zu uns kommen. Eine Anfahrt bis zur Eingangst\u00fcr ist ebenfalls m\u00f6glich (Parkpl\u00e4tze befinden sich ca. 200 Meter entfernt). Derzeit bieten wir keine Behandlung unter Narkose\/Sedierung an.&nbsp;&nbsp; Zahnerhaltung Fu\u0308llungs- und Wurzelkanalbehandlung Zahnerhalt hat bei uns [&hellip;]<\/p>\n","protected":false},"author":1,"featured_media":0,"parent":0,"menu_order":0,"comment_status":"closed","ping_status":"closed","template":"","meta":[],"_links":{"self":[{"href":"https:\/\/carolinumplus.de\/index.php?rest_route=\/wp\/v2\/pages\/380"}],"collection":[{"href":"https:\/\/carolinumplus.de\/index.php?rest_route=\/wp\/v2\/pages"}],"about":[{"href":"https:\/\/carolinumplus.de\/index.php?rest_route=\/wp\/v2\/types\/page"}],"author":[{"embeddable":true,"href":"https:\/\/carolinumplus.de\/index.php?rest_route=\/wp\/v2\/users\/1"}],"replies":[{"embeddable":true,"href":"https:\/\/carolinumplus.de\/index.php?rest_route=%2Fwp%2Fv2%2Fcomments&post=380"}],"version-history":[{"count":18,"href":"https:\/\/carolinumplus.de\/index.php?rest_route=\/wp\/v2\/pages\/380\/revisions"}],"predecessor-version":[{"id":1735,"href":"https:\/\/carolinumplus.de\/index.php?rest_route=\/wp\/v2\/pages\/380\/revisions\/1735"}],"wp:attachment":[{"href":"https:\/\/carolinumplus.de\/index.php?rest_route=%2Fwp%2Fv2%2Fmedia&parent=380"}],"curies":[{"name":"wp","href":"https:\/\/api.w.org\/{rel}","templated":true}]}}