{"id":35,"date":"2016-01-11T04:05:19","date_gmt":"2016-01-11T04:05:19","guid":{"rendered":"http:\/\/carolinumplus.de?page_id=35"},"modified":"2023-08-18T13:05:50","modified_gmt":"2023-08-18T10:05:50","slug":"home-1","status":"publish","type":"page","link":"https:\/\/carolinumplus.de\/","title":{"rendered":"Home"},"content":{"rendered":"<p>\n<section class=\"fw-main-row\" style=\"margin-top:-1px\"  >\n\t\t<div class=\"fw-main-row-bg\" style=\" \" ><\/div>\n\t<div class=\"fw-main-row-overlay\" ><\/div>\n\t<div class=\"fw-main-content fw-container-fluid no-gutter\">\n\t\t<div class=\"fw-row\">\n\t\n<div class=\"fw-col-xs-12    text-left\" style=\"\">\n\t<div class=\"fw-col-inner\" style=\"\">\n\t\t\n<div class=\"ht-do-shortcode\" style=\"position: relative; z-index: 1;\">\n\t\n\t\t\t<!-- START Home 2 REVOLUTION SLIDER 6.5.20 --><p class=\"rs-p-wp-fix\"><\/p>\n\t\t\t<rs-module-wrap id=\"rev_slider_1_1_wrapper\" data-source=\"gallery\" style=\"visibility:hidden;background:transparent;padding:0;margin:0px auto;margin-top:0;margin-bottom:0;\">\n\t\t\t\t<rs-module id=\"rev_slider_1_1\" style=\"\" data-version=\"6.5.20\">\n\t\t\t\t\t<rs-slides>\n\t\t\t\t\t\t<rs-slide style=\"position: absolute;\" data-key=\"rs-1\" data-title=\"Slide\" data-duration=\"8879.8828125\" data-anim=\"ms:0ms;\" data-in=\"o:1;\" data-out=\"a:false;\">\n\t\t\t\t\t\t\t<img src=\"\/\/carolinumplus.de\/wp-content\/plugins\/revslider\/public\/assets\/assets\/dummy.png\" alt=\"\" title=\"HomepageCarolinumPlus_Home-Option-2-421\" width=\"1920\" height=\"1108\" class=\"rev-slidebg tp-rs-img rs-lazyload\" data-lazyload=\"\/\/carolinumplus.de\/wp-content\/uploads\/2022\/03\/HomepageCarolinumPlus_Home-Option-2-421.jpg\" data-parallax=\"off\" data-no-retina>\n<!--\n\t\t\t\t\t\t\t--><rs-layer\n\t\t\t\t\t\t\t\tid=\"slider-1-slide-1-layer-0\" \n\t\t\t\t\t\t\t\tdata-type=\"text\"\n\t\t\t\t\t\t\t\tdata-color=\"#fff\"\n\t\t\t\t\t\t\t\tdata-rsp_ch=\"on\"\n\t\t\t\t\t\t\t\tdata-xy=\"x:237px;y:470px;\"\n\t\t\t\t\t\t\t\tdata-text=\"w:normal;s:40;l:50;\"\n\t\t\t\t\t\t\t\tdata-dim=\"minh:0px;\"\n\t\t\t\t\t\t\t\tdata-padding=\"t:15;r:15;b:15;l:15;\"\n\t\t\t\t\t\t\t\tdata-frame_0=\"sX:0.9;sY:0.9;\"\n\t\t\t\t\t\t\t\tdata-frame_1=\"st:540;sp:1000;sR:540;\"\n\t\t\t\t\t\t\t\tdata-frame_999=\"o:0;st:w;sR:7339;\"\n\t\t\t\t\t\t\t\tstyle=\"z-index:9;background-color:rgba(12,12,12,0.5);font-family:'Open Sans';text-transform:uppercase;\"\n\t\t\t\t\t\t\t>Aus der Forschung in die Praxis \n\t\t\t\t\t\t\t<\/rs-layer><!--\n\n\t\t\t\t\t\t\t--><a\n\t\t\t\t\t\t\t\tid=\"slider-1-slide-1-layer-2\" \n\t\t\t\t\t\t\t\tclass=\"rs-layer rev-btn\"\n\t\t\t\t\t\t\t\thref=\"https:\/\/www.doctolib.de\/zmvz-zahnmedizinisches-versorgungszentrum\/frankfurt-am-main\/zahnmedizinisches-versorgungszentrum-carolinum\/booking\/specialities\" target=\"_blank\" rel=\"noopener\"\n\t\t\t\t\t\t\t\tdata-type=\"button\"\n\t\t\t\t\t\t\t\tdata-color=\"#ffffff\"\n\t\t\t\t\t\t\t\tdata-bsh=\"c:#0c0c0c;h:-10px;v:10px;b:50px;\"\n\t\t\t\t\t\t\t\tdata-rsp_ch=\"on\"\n\t\t\t\t\t\t\t\tdata-xy=\"x:286px;y:119px;\"\n\t\t\t\t\t\t\t\tdata-text=\"w:normal;l:30;fw:500;a:center;\"\n\t\t\t\t\t\t\t\tdata-dim=\"minh:0px;\"\n\t\t\t\t\t\t\t\tdata-vbility=\"t,t,t,f\"\n\t\t\t\t\t\t\t\tdata-padding=\"t:10;r:10;b:10;l:10;\"\n\t\t\t\t\t\t\t\tdata-border=\"bor:20px,20px,20px,20px;\"\n\t\t\t\t\t\t\t\tdata-frame_0=\"rY:360deg;\"\n\t\t\t\t\t\t\t\tdata-frame_1=\"e:back.out;st:1400;sp:500;\"\n\t\t\t\t\t\t\t\tdata-frame_999=\"o:0;st:w;sR:7179;\"\n\t\t\t\t\t\t\t\tdata-frame_hover=\"sX:1.2;sY:1.2;bgc:#045eaa;bor:20px,20px,20px,20px;sp:100;e:power1.inOut;bri:120%;\"\n\t\t\t\t\t\t\t\tstyle=\"z-index:10;background-color:#045eaa;font-family:'Roboto';cursor:pointer;\"\n\t\t\t\t\t\t\t><i class=\"fa-mouse-pointer\"><\/i> sofort online <br \/>\neinen Termin buchen<br \/>\n<img style =\"height:50px;margin-top:10px;vertical-align:middle;width:auto\" src=\"https:\/\/www.doctolib.de\/external_button\/doctolib-white-transparent.png\" alt=\"Doctolib\"> \n\t\t\t\t\t\t\t<\/a><!--\n-->\t\t\t\t\t\t<\/rs-slide>\n\t\t\t\t\t<\/rs-slides>\n\t\t\t\t<\/rs-module>\n\t\t\t\t<script>\n\t\t\t\t\tsetREVStartSize({c: 'rev_slider_1_1',rl:[1240,1024,778,480],el:[670],gw:[1170],gh:[670],type:'standard',justify:'',layout:'fullwidth',mh:\"0\"});if (window.RS_MODULES!==undefined && window.RS_MODULES.modules!==undefined && window.RS_MODULES.modules[\"revslider11\"]!==undefined) {window.RS_MODULES.modules[\"revslider11\"].once = false;window.revapi1 = undefined;if (window.RS_MODULES.checkMinimal!==undefined) window.RS_MODULES.checkMinimal()}\n\t\t\t\t<\/script>\n\t\t\t<\/rs-module-wrap>\n\t\t\t<!-- END REVOLUTION SLIDER -->\n<\/div>\t<\/div>\n<\/div>\n<\/div>\n\n\t<\/div>\n<\/section>\n\n<section class=\"fw-main-row\" style=\"\"  >\n\t\t<div class=\"fw-main-row-bg\" style=\" \" ><\/div>\n\t<div class=\"fw-main-row-overlay\" ><\/div>\n\t<div class=\"fw-main-content fw-container \">\n\t\t<div class=\"fw-row\">\n\t\n<div class=\"fw-col-xs-12    text-left\" style=\"\">\n\t<div class=\"fw-col-inner\" style=\"\">\n\t\t\t<\/div>\n<\/div>\n<\/div>\n\n<div class=\"fw-row\">\n\t\n<div class=\"fw-col-xs-12 fw-col-sm-9    text-left\" style=\"\">\n\t<div class=\"fw-col-inner\" style=\"\">\n\t\t\n<div class=\"ht-do-shortcode\" style=\"position: relative; z-index: 1;\">\n\t\n\t\t\t<!-- START Termin REVOLUTION SLIDER 6.5.20 --><p class=\"rs-p-wp-fix\"><\/p>\n\t\t\t<rs-module-wrap id=\"rev_slider_76_2_wrapper\" data-source=\"gallery\" style=\"visibility:hidden;background:transparent;padding:0;margin:0px auto;margin-top:0;margin-bottom:0;\">\n\t\t\t\t<rs-module id=\"rev_slider_76_2\" style=\"\" data-version=\"6.5.20\">\n\t\t\t\t\t<rs-slides>\n\t\t\t\t\t\t<rs-slide style=\"position: absolute;\" data-key=\"rs-178\" data-title=\"Slide\" data-duration=\"8879.8828125\" data-anim=\"ms:50;\" data-in=\"o:0;\" data-out=\"a:false;\">\n\t\t\t\t\t\t\t<img src=\"\/\/carolinumplus.de\/wp-content\/plugins\/revslider\/public\/assets\/assets\/dummy.png\" alt=\"Slide\" title=\"HomepageCarolinumPlus_Home-Option-2-421\" width=\"1920\" height=\"1108\" class=\"rev-slidebg tp-rs-img rs-lazyload\" data-lazyload=\"\/\/carolinumplus.de\/wp-content\/plugins\/revslider\/public\/assets\/assets\/transparent.png\" data-parallax=\"off\" data-no-retina>\n<!--\n\t\t\t\t\t\t\t--><a\n\t\t\t\t\t\t\t\tid=\"slider-76-slide-178-layer-2\" \n\t\t\t\t\t\t\t\tclass=\"rs-layer rev-btn\"\n\t\t\t\t\t\t\t\thref=\"https:\/\/www.doctolib.de\/zmvz-zahnmedizinisches-versorgungszentrum\/frankfurt-am-main\/zahnmedizinisches-versorgungszentrum-carolinum\/booking\/specialities\" target=\"_blank\" rel=\"noopener\"\n\t\t\t\t\t\t\t\tdata-type=\"button\"\n\t\t\t\t\t\t\t\tdata-bsh=\"c:#0c0c0c;h:-10px,-10px,-10px,-3px;v:10px,10px,10px,3px;b:50px,50px,50px,19px;\"\n\t\t\t\t\t\t\t\tdata-rsp_ch=\"on\"\n\t\t\t\t\t\t\t\tdata-xy=\"x:l,l,l,c;xo:495px,495px,495px,0;y:t,t,t,m;yo:130px,130px,130px,0;\"\n\t\t\t\t\t\t\t\tdata-text=\"w:normal;s:20,20,20,18;l:30,30,30,18;fw:500;a:center;\"\n\t\t\t\t\t\t\t\tdata-dim=\"w:auto,auto,auto,300px;minh:0px,0px,0px,none;\"\n\t\t\t\t\t\t\t\tdata-vbility=\"f,f,f,t\"\n\t\t\t\t\t\t\t\tdata-basealign=\"slide\"\n\t\t\t\t\t\t\t\tdata-padding=\"t:10,10,10,4;r:10,10,10,4;b:10,10,10,4;l:10,10,10,4;\"\n\t\t\t\t\t\t\t\tdata-border=\"bor:20px,20px,20px,20px;\"\n\t\t\t\t\t\t\t\tdata-frame_0=\"rY:360deg;\"\n\t\t\t\t\t\t\t\tdata-frame_1=\"e:back.out;st:70;sp:500;sR:70;\"\n\t\t\t\t\t\t\t\tdata-frame_999=\"o:0;st:w;sR:8309;\"\n\t\t\t\t\t\t\t\tdata-frame_hover=\"sX:1.2;sY:1.2;bgc:#045eaa;bor:20px,20px,20px,20px;sp:100;e:power1.inOut;bri:120%;\"\n\t\t\t\t\t\t\t\tstyle=\"z-index:10;background-color:#045eaa;font-family:'Roboto';cursor:pointer;\"\n\t\t\t\t\t\t\t><i class=\"fa-mouse-pointer\"><\/i> sofort online <br \/>\neinen Termin buchen<br \/>\n<img style =\"height:50px;margin-top:10px;vertical-align:middle;width:auto\" src=\"https:\/\/www.doctolib.de\/external_button\/doctolib-white-transparent.png\" alt=\"Doctolib\"> \n\t\t\t\t\t\t\t<\/a><!--\n-->\t\t\t\t\t\t<\/rs-slide>\n\t\t\t\t\t<\/rs-slides>\n\t\t\t\t<\/rs-module>\n\t\t\t\t<script>\n\t\t\t\t\tsetREVStartSize({c: 'rev_slider_76_2',rl:[1240,1240,1240,480],el:[0,0,0,200],gw:[1170,1170,1170,480],gh:[0,0,0,200],type:'hero',justify:'',layout:'fullwidth',mh:\"0\"});if (window.RS_MODULES!==undefined && window.RS_MODULES.modules!==undefined && window.RS_MODULES.modules[\"revslider762\"]!==undefined) {window.RS_MODULES.modules[\"revslider762\"].once = false;window.revapi76 = undefined;if (window.RS_MODULES.checkMinimal!==undefined) window.RS_MODULES.checkMinimal()}\n\t\t\t\t<\/script>\n\t\t\t<\/rs-module-wrap>\n\t\t\t<!-- END REVOLUTION SLIDER -->\n<\/div>\n\t<div class=\"fw-divider-space\" style=\"padding-top: 100px;\"><\/div>\n<div class=\"ht-text-block\">\n\t<p>Ein Gewinn f\u00fcr jeden Patienten. Das Wissen, \u00fcber das wir verf\u00fcgen, kommt in der Regel erst versp\u00e4tet in regul\u00e4ren Zahnarztpraxen an.<\/p><p>Pro\ufb01tieren Sie daher von unserem direkten Zugang zu neusten wissenschaftlichen Erkenntnissen und Technologien, die in Ihr pers\u00f6nliches Behandlungskonzept mit ein\ufb02ie\u00dfen. Einen besonderen Stellenwert nimmt dabei die ganzheitliche medizinische Behandlung in enger Anbindung an die Fachkliniken des Universit\u00e4tsklinikums ein. Wer zu uns kommt, kann sich sicher f\u00fchlen. Neben einer Fokussierung auf minimal-invasive Behandlungskonzepte z\u00e4hlen wir auch komplexe zahnmedizinische Behandlungsoptionen, im Zuge derer verschiedenste Methoden aus den einzelnen zahnmedizinischen Fachgebieten kombiniert werden, zu den Kernkompetenzen unseres zahnmedizinischen Versorgungszentrums.<\/p><p>Auch Risiko- und Angstpatienten sind damit bei uns in den besten H\u00e4nden.<\/p><\/div>\n\t<div class=\"fw-divider-space\" style=\"padding-top: 50px;\"><\/div>\n<a href=\"https:\/\/carolinumplus.de\/?page_id=1718\" target=\"_self\" ><img src=\"https:\/\/carolinumplus.de\/wp-content\/uploads\/2023\/08\/special-care_carolinum_Zeichenflaeche-1-3-1000x500.jpg\" alt=\"https:\/\/carolinumplus.de\/wp-content\/uploads\/2023\/08\/special-care_carolinum_Zeichenflaeche-1-3-1000x500.jpg\" width=\"1000\" height=\"500\" \/><\/a><div class=\"ht-text-block\">\n\t<p style=\"text-align: center;\"><a href=\"https:\/\/carolinumplus.de\/?page_id=1718\"><strong>Wir sind f\u00fcr Sie da!<\/strong><br \/><strong>Patienten mit besonderen Bed\u00fcrfnissen sind bei uns willkommen!<\/strong><\/a><\/p><\/div>\t<\/div>\n<\/div>\n\n<div class=\"fw-col-xs-12 fw-col-sm-3    text-left\" style=\"\">\n\t<div class=\"fw-col-inner\" style=\"\">\n\t\t\n\t<div class=\"fw-divider-space\" style=\"padding-top: 50px;\"><\/div>\n<img src=\"\/\/carolinumplus.de\/wp-content\/uploads\/2022\/05\/FCG_TOP_Mediziner_2022_Digitale-Zahnmedizin_comp.png\" alt=\"\/\/carolinumplus.de\/wp-content\/uploads\/2022\/05\/FCG_TOP_Mediziner_2022_Digitale-Zahnmedizin_comp.png\" width=\"200\" \/><img src=\"\/\/carolinumplus.de\/wp-content\/uploads\/2020\/12\/DGI_TSP_IMPLANTOLOGIE_2021.png\" alt=\"\/\/carolinumplus.de\/wp-content\/uploads\/2020\/12\/DGI_TSP_IMPLANTOLOGIE_2021.png\" width=\"200\" \/>\t<\/div>\n<\/div>\n<\/div>\n\n<div class=\"fw-row\">\n\t\n<div class=\"fw-col-xs-12    text-left\" style=\"\">\n\t<div class=\"fw-col-inner\" style=\"\">\n\t\t\n\t<div class=\"fw-divider-space\" style=\"padding-top: 100px;\"><\/div>\n\t<\/div>\n<\/div>\n<\/div>\n\n\t<\/div>\n<\/section>\n<\/p>\n","protected":false},"excerpt":{"rendered":"<p>Aus der Forschung in die Praxis sofort online einen Termin buchen sofort online einen Termin buchen Ein Gewinn f\u00fcr jeden Patienten. Das Wissen, \u00fcber das wir verf\u00fcgen, kommt in der Regel erst versp\u00e4tet in regul\u00e4ren Zahnarztpraxen an.Pro\ufb01tieren Sie daher von unserem direkten Zugang zu neusten wissenschaftlichen Erkenntnissen und Technologien, die in Ihr pers\u00f6nliches Behandlungskonzept mit [&hellip;]<\/p>\n","protected":false},"author":1,"featured_media":0,"parent":0,"menu_order":0,"comment_status":"closed","ping_status":"closed","template":"","meta":[],"_links":{"self":[{"href":"https:\/\/carolinumplus.de\/index.php?rest_route=\/wp\/v2\/pages\/35"}],"collection":[{"href":"https:\/\/carolinumplus.de\/index.php?rest_route=\/wp\/v2\/pages"}],"about":[{"href":"https:\/\/carolinumplus.de\/index.php?rest_route=\/wp\/v2\/types\/page"}],"author":[{"embeddable":true,"href":"https:\/\/carolinumplus.de\/index.php?rest_route=\/wp\/v2\/users\/1"}],"replies":[{"embeddable":true,"href":"https:\/\/carolinumplus.de\/index.php?rest_route=%2Fwp%2Fv2%2Fcomments&post=35"}],"version-history":[{"count":28,"href":"https:\/\/carolinumplus.de\/index.php?rest_route=\/wp\/v2\/pages\/35\/revisions"}],"predecessor-version":[{"id":1703,"href":"https:\/\/carolinumplus.de\/index.php?rest_route=\/wp\/v2\/pages\/35\/revisions\/1703"}],"wp:attachment":[{"href":"https:\/\/carolinumplus.de\/index.php?rest_route=%2Fwp%2Fv2%2Fmedia&parent=35"}],"curies":[{"name":"wp","href":"https:\/\/api.w.org\/{rel}","templated":true}]}}