{"id":1718,"date":"2023-08-18T11:50:07","date_gmt":"2023-08-18T08:50:07","guid":{"rendered":"https:\/\/carolinumplus.de\/?page_id=1718"},"modified":"2023-08-23T08:34:17","modified_gmt":"2023-08-23T05:34:17","slug":"special-care-fuer-patienten-mit-besonderen-beduerfnissen","status":"publish","type":"page","link":"https:\/\/carolinumplus.de\/?page_id=1718","title":{"rendered":"Special Care &#8211; f\u00fcr Patienten mit besonderen Bed\u00fcrfnissen"},"content":{"rendered":"<p>\n<section class=\"fw-main-row\" style=\"\"  >\n\t\t<div class=\"fw-main-row-bg\" style=\" \" ><\/div>\n\t<div class=\"fw-main-row-overlay\" ><\/div>\n\t<div class=\"fw-main-content fw-container \">\n\t\t<div class=\"fw-row\">\n\t\n<div class=\"fw-col-xs-12 fw-col-sm-2    text-left\" style=\"\">\n\t<div class=\"fw-col-inner\" style=\"\">\n\t\t\t<\/div>\n<\/div>\n\n<div class=\"fw-col-xs-12 fw-col-sm-8    text-left\" style=\"\">\n\t<div class=\"fw-col-inner\" style=\"\">\n\t\t<div class=\"ht-text-block\">\n\t<p style=\"text-align: center;\"><strong>Wir sind f\u00fcr Sie da!<\/strong><br \/><strong>Patienten mit besonderen Bed\u00fcrfnissen sind bei uns willkommen.<\/strong><\/p><p><strong>Sind Sie eingeschr\u00e4nkt in Ihrer Mobilit\u00e4t? <\/strong>Wir haben ideale Anfahrtsm\u00f6glichkeiten, d.h. Sie k\u00f6nnen mit dem Fahrzeug direkt vor die Eingangst\u00fcr fahren. Parkpl\u00e4tze befinden sich unweit entfernt. Unser Zugang ist ebenerdig und die gesamte Einrichtung ist ebenerdig, d.h. es m\u00fcssen keinerlei Treppen bestiegen werden und alle Wege sind geeignet f\u00fcr Rollstuhlfahrer und Patienten mit Rollator. <strong>Bei Bedarf k\u00f6nnen wir Sie auch in Ihrem Rollstuhl behandeln. <\/strong>Unsere Behandlungszimmer erlauben es uns auch Patienten in Pflegebetten zu behandeln.<\/p><p><strong>Brauchen Sie Begleitung?<\/strong>, so haben wir auch f\u00fcr diese Sitzm\u00f6glichkeiten im Behandlungszimmer. Sie k\u00f6nnen auch gerne mit Ihrem Kind oder Neugeborenem im Kinderwagen vorbeikommen.<\/p><p><strong>F\u00fcr Angstpatienten nehmen wir uns besonders viel Zeit um Ihren Bed\u00fcrfnissen gerecht zu werden.<\/strong><\/p><p>Wir behandeln auch <strong>geh\u00f6rlose und blinde Patienten<\/strong> oder Patienten mit geistigen Einschr\u00e4nkungen und<strong> multimorbide Patienten<\/strong>.<\/p><p>Unser Zahnmedizinisches Versorgungszentrum ist im Universit\u00e4tsklinikum der Goethe-Universit\u00e4t als Vollversorger vollumf\u00e4nglich integriert. F\u00fcr multimorbide Patient*innen mit sensiblen Allgemeinzustand bedeutet das, <strong>sollte eine medizinische Notfallsituation eintreten, so k\u00f6nnen wir sofort handeln, wir sind auf dem Klinikgel\u00e4nde integriert.<\/strong><\/p><p>&nbsp;<\/p><p style=\"text-align: center;\"><strong>Rufen Sie uns an und wir k\u00f6nnen alles besprechen und uns auf Ihren Besuch vorbereiten.<\/strong><\/p><\/div>\t<\/div>\n<\/div>\n\n<div class=\"fw-col-xs-12 fw-col-sm-2    text-left\" style=\"\">\n\t<div class=\"fw-col-inner\" style=\"\">\n\t\t\t<\/div>\n<\/div>\n<\/div>\n\n\t<\/div>\n<\/section>\n\n<section class=\"fw-main-row\" style=\"\"  >\n\t\t<div class=\"fw-main-row-bg\" style=\" \" ><\/div>\n\t<div class=\"fw-main-row-overlay\" ><\/div>\n\t<div class=\"fw-main-content fw-container \">\n\t\t<div class=\"fw-row\">\n\t\n<div class=\"fw-col-xs-12    text-left\" style=\"\">\n\t<div class=\"fw-col-inner\" style=\"\">\n\t\t<img src=\"\/\/carolinumplus.de\/wp-content\/uploads\/2023\/08\/special-care_carolinum_Zeichenflaeche-1-3.jpg\" alt=\"\/\/carolinumplus.de\/wp-content\/uploads\/2023\/08\/special-care_carolinum_Zeichenflaeche-1-3.jpg\" width=\"1200\" \/>\t<\/div>\n<\/div>\n<\/div>\n\n\t<\/div>\n<\/section>\n<\/p>\n","protected":false},"excerpt":{"rendered":"<p>Wir sind f\u00fcr Sie da!Patienten mit besonderen Bed\u00fcrfnissen sind bei uns willkommen.Sind Sie eingeschr\u00e4nkt in Ihrer Mobilit\u00e4t? Wir haben ideale Anfahrtsm\u00f6glichkeiten, d.h. Sie k\u00f6nnen mit dem Fahrzeug direkt vor die Eingangst\u00fcr fahren. Parkpl\u00e4tze befinden sich unweit entfernt. Unser Zugang ist ebenerdig und die gesamte Einrichtung ist ebenerdig, d.h. es m\u00fcssen keinerlei Treppen bestiegen werden und [&hellip;]<\/p>\n","protected":false},"author":1,"featured_media":0,"parent":380,"menu_order":0,"comment_status":"closed","ping_status":"closed","template":"","meta":[],"_links":{"self":[{"href":"https:\/\/carolinumplus.de\/index.php?rest_route=\/wp\/v2\/pages\/1718"}],"collection":[{"href":"https:\/\/carolinumplus.de\/index.php?rest_route=\/wp\/v2\/pages"}],"about":[{"href":"https:\/\/carolinumplus.de\/index.php?rest_route=\/wp\/v2\/types\/page"}],"author":[{"embeddable":true,"href":"https:\/\/carolinumplus.de\/index.php?rest_route=\/wp\/v2\/users\/1"}],"replies":[{"embeddable":true,"href":"https:\/\/carolinumplus.de\/index.php?rest_route=%2Fwp%2Fv2%2Fcomments&post=1718"}],"version-history":[{"count":20,"href":"https:\/\/carolinumplus.de\/index.php?rest_route=\/wp\/v2\/pages\/1718\/revisions"}],"predecessor-version":[{"id":1745,"href":"https:\/\/carolinumplus.de\/index.php?rest_route=\/wp\/v2\/pages\/1718\/revisions\/1745"}],"up":[{"embeddable":true,"href":"https:\/\/carolinumplus.de\/index.php?rest_route=\/wp\/v2\/pages\/380"}],"wp:attachment":[{"href":"https:\/\/carolinumplus.de\/index.php?rest_route=%2Fwp%2Fv2%2Fmedia&parent=1718"}],"curies":[{"name":"wp","href":"https:\/\/api.w.org\/{rel}","templated":true}]}}