{"id":1144,"date":"2018-06-05T15:48:24","date_gmt":"2018-06-05T12:48:24","guid":{"rendered":"http:\/\/carolinumplus.de\/?page_id=1144"},"modified":"2024-01-11T01:58:00","modified_gmt":"2024-01-10T22:58:00","slug":"jobs","status":"publish","type":"page","link":"https:\/\/carolinumplus.de\/?page_id=1144","title":{"rendered":"Jobs"},"content":{"rendered":"\n<section class=\"fw-main-row\" style=\"\"  >\n\t\t<div class=\"fw-main-row-bg\" style=\" \" ><\/div>\n\t<div class=\"fw-main-row-overlay\" ><\/div>\n\t<div class=\"fw-main-content fw-container \">\n\t\t<div class=\"fw-row\">\n\t\n<div class=\"fw-col-xs-12    text-left\" style=\"\">\n\t<div class=\"fw-col-inner\" style=\"\">\n\t\t<div class=\"ht-text-block\">\n\t<hr \/><p>&nbsp;<\/p><\/div>\t<\/div>\n<\/div>\n<\/div>\n\n<div class=\"fw-row\">\n\t\n<div class=\"fw-col-xs-12    text-left\" style=\"\">\n\t<div class=\"fw-col-inner\" style=\"\">\n\t\t<div class=\"ht-text-block\">\n\t<div class=\"brz-root__container brz-reset-all\"><a href=\"https:\/\/carolinumplus.de\/wp-content\/uploads\/2024\/01\/Stellenasschreibung.pdf\">F\u00fcr unser Zahnmedizinisches Versorgungszentrum suchen wir schnellstm\u00f6glich, <strong>sp\u00e4testens ab dem 01.03.2024, in Voll- oder Teilzeit eine\/n motivierte\/n Zahn\u00e4rztin\/Zahnarzt<\/strong><\/a><\/div><p><!-- version:1647195030 --><\/p><\/div>\t<\/div>\n<\/div>\n<\/div>\n\n<div class=\"fw-row\">\n\t\n<div class=\"fw-col-xs-12    text-left\" style=\"\">\n\t<div class=\"fw-col-inner\" style=\"\">\n\t\t<div class=\"ht-text-block\">\n\t<hr \/><p>&nbsp;<\/p><\/div>\t<\/div>\n<\/div>\n<\/div>\n\n\t<\/div>\n<\/section>\n\n","protected":false},"excerpt":{"rendered":"<p>&nbsp; F\u00fcr unser Zahnmedizinisches Versorgungszentrum suchen wir schnellstm\u00f6glich, sp\u00e4testens ab dem 01.03.2024, in Voll- oder Teilzeit eine\/n motivierte\/n Zahn\u00e4rztin\/Zahnarzt &nbsp;<\/p>\n","protected":false},"author":1,"featured_media":0,"parent":0,"menu_order":0,"comment_status":"closed","ping_status":"closed","template":"","meta":[],"_links":{"self":[{"href":"https:\/\/carolinumplus.de\/index.php?rest_route=\/wp\/v2\/pages\/1144"}],"collection":[{"href":"https:\/\/carolinumplus.de\/index.php?rest_route=\/wp\/v2\/pages"}],"about":[{"href":"https:\/\/carolinumplus.de\/index.php?rest_route=\/wp\/v2\/types\/page"}],"author":[{"embeddable":true,"href":"https:\/\/carolinumplus.de\/index.php?rest_route=\/wp\/v2\/users\/1"}],"replies":[{"embeddable":true,"href":"https:\/\/carolinumplus.de\/index.php?rest_route=%2Fwp%2Fv2%2Fcomments&post=1144"}],"version-history":[{"count":35,"href":"https:\/\/carolinumplus.de\/index.php?rest_route=\/wp\/v2\/pages\/1144\/revisions"}],"predecessor-version":[{"id":1755,"href":"https:\/\/carolinumplus.de\/index.php?rest_route=\/wp\/v2\/pages\/1144\/revisions\/1755"}],"wp:attachment":[{"href":"https:\/\/carolinumplus.de\/index.php?rest_route=%2Fwp%2Fv2%2Fmedia&parent=1144"}],"curies":[{"name":"wp","href":"https:\/\/api.w.org\/{rel}","templated":true}]}}